{"id":5140,"date":"2023-05-09T17:47:49","date_gmt":"2023-05-09T17:47:49","guid":{"rendered":"https:\/\/printheri.com\/?post_type=product&#038;p=5140"},"modified":"2023-06-13T06:49:52","modified_gmt":"2023-06-13T06:49:52","slug":"hermacoat-greaseproof-228-3","status":"publish","type":"product","link":"https:\/\/printheri.com\/?product=hermacoat-greaseproof-228-3","title":{"rendered":"OFSET BASKI BLANKET \u2013 RX DARK \u00c7ITASIZ (WITHOUT BARS)"},"content":{"rendered":"<p><strong><span>Tabaka beslemeli ve web ofset bask\u0131 i\u00e7in kuma\u015f bazl\u0131 evrensel bask\u0131 blanketi:<\/span><\/strong><\/p>\n<ul role=\"list\">\n<li><span>Geleneksel, hibrit ve UV m\u00fcrekkeplerine ve ilgili y\u0131kama maddelerine kar\u015f\u0131 dayan\u0131kl\u0131d\u0131r<\/span><\/li>\n<li><span>Azalt\u0131lm\u0131\u015f ka\u011f\u0131t tozu olu\u015fumu<\/span><\/li>\n<li><span>Folyo bask\u0131 i\u00e7in \u00f6zellikle uygundur<\/span><\/li>\n<li><span>Metal pigmentli m\u00fcrekkepleri basmak i\u00e7in uygun<\/span><\/li>\n<li><span>\u00d6zellikle hassas alt tabakalarda \u00e7ok iyi ka\u011f\u0131t b\u0131rakma davran\u0131\u015f\u0131<\/span><\/li>\n<li><span>\u00c7ok iyi s\u0131k\u0131\u015ft\u0131rma ve d\u00fc\u015f\u00fck esneme davran\u0131\u015f\u0131<\/span><\/li>\n<\/ul>\n","protected":false},"excerpt":{"rendered":"<h2 class=\"heading details red\"><span>TEKN\u0130K DETAYLAR<\/span><\/h2>\n<div class=\"rich-text w-richtext\">\n<p><strong><span>Kapak plakas\u0131<\/span><\/strong><\/p>\n<p><span>Siyah renk<\/span><\/p>\n<p><strong><span>Sertlik kaplama lasti\u011fi (DIN 53505):<\/span><\/strong><br \/>\n<span>55\u00b0 Shore A<\/span><\/p>\n<p><strong><span>Mikro kesim, kapak plakas\u0131:<\/span><\/strong><\/p>\n<p><span>0,9\u00b5m (RA)<\/span><\/p>\n<p><strong><span>Toplam Zorluk:<\/span><\/strong><\/p>\n<p><span>79\u00b0 Sahil A<\/span><\/p>\n<p><strong><span>s\u0131k\u0131\u015ft\u0131r\u0131labilme \u00a0 \u00a0<\/span><\/strong><\/p>\n<p><strong><span>1.350 kPa&#8217;da:<\/span><\/strong><br \/>\n<span>0,187 mm<\/span><\/p>\n<p><strong><span>500N \/ 5cm&#8217;de uzama:<\/span><\/strong><\/p>\n<p><span>%0,70<\/span><\/p>\n<p><strong><span>kuma\u015f katmanlar\u0131: \u00a0 \u00a0 \u00a0 \u00a0<\/span><\/strong><\/p>\n<p><span>3 kalibre edilmi\u015f kuma\u015f katman\u0131<\/span><\/p>\n<p><strong><span>Nominal Kal\u0131nl\u0131k(ISO 12636):<\/span><\/strong><\/p>\n<p><strong><span>1,96 mm<\/span><\/strong><\/p>\n<\/div>\n","protected":false},"featured_media":6083,"comment_status":"open","ping_status":"closed","template":"","meta":[],"product_cat":[105],"product_tag":[101],"class_list":{"0":"post-5140","1":"product","2":"type-product","3":"status-publish","4":"has-post-thumbnail","6":"product_cat-blanket","7":"product_tag-herma","9":"first","10":"instock","11":"sale","12":"featured","13":"taxable","14":"shipping-taxable","15":"purchasable","16":"product-type-simple"},"acf":[],"jetpack_sharing_enabled":true,"_links":{"self":[{"href":"https:\/\/printheri.com\/index.php?rest_route=\/wp\/v2\/product\/5140","targetHints":{"allow":["GET"]}}],"collection":[{"href":"https:\/\/printheri.com\/index.php?rest_route=\/wp\/v2\/product"}],"about":[{"href":"https:\/\/printheri.com\/index.php?rest_route=\/wp\/v2\/types\/product"}],"replies":[{"embeddable":true,"href":"https:\/\/printheri.com\/index.php?rest_route=%2Fwp%2Fv2%2Fcomments&post=5140"}],"wp:featuredmedia":[{"embeddable":true,"href":"https:\/\/printheri.com\/index.php?rest_route=\/wp\/v2\/media\/6083"}],"wp:attachment":[{"href":"https:\/\/printheri.com\/index.php?rest_route=%2Fwp%2Fv2%2Fmedia&parent=5140"}],"wp:term":[{"taxonomy":"product_cat","embeddable":true,"href":"https:\/\/printheri.com\/index.php?rest_route=%2Fwp%2Fv2%2Fproduct_cat&post=5140"},{"taxonomy":"product_tag","embeddable":true,"href":"https:\/\/printheri.com\/index.php?rest_route=%2Fwp%2Fv2%2Fproduct_tag&post=5140"}],"curies":[{"name":"wp","href":"https:\/\/api.w.org\/{rel}","templated":true}]}}