{"id":5138,"date":"2023-05-09T17:47:18","date_gmt":"2023-05-09T17:47:18","guid":{"rendered":"https:\/\/printheri.com\/?post_type=product&#038;p=5138"},"modified":"2023-06-13T06:40:04","modified_gmt":"2023-06-13T06:40:04","slug":"hermacoat-greaseproof-228-5","status":"publish","type":"product","link":"https:\/\/printheri.com\/?product=hermacoat-greaseproof-228-5","title":{"rendered":"OFSET BASKI BLANKET \u2013 CONTI-AIR JADE (WITHOUT BARS)"},"content":{"rendered":"<p><strong>Yaprak besleme i\u00e7in kuma\u015f bazl\u0131 bask\u0131 blanketi<\/strong><\/p>\n<p>Tabaka beslemeli ofset bask\u0131 i\u00e7in \u00fcst d\u00fczey bask\u0131 blanketi:<\/p>\n<ul role=\"list\">\n<li>Daha da geli\u015ftirilmi\u015f kapak plakas\u0131, ambalaj bask\u0131s\u0131 ve ticari bask\u0131daki en y\u00fcksek talepler i\u00e7in uygundur.<\/li>\n<li>Daha uzun hizmet \u00f6mr\u00fc i\u00e7in yeni Air2 teknolojisi (2 s\u0131k\u0131\u015ft\u0131r\u0131labilir katman)<\/li>\n<li>\u00c7ok iyi ka\u011f\u0131t b\u0131rakma (h\u0131zl\u0131 b\u0131rakma)<\/li>\n<li>Mekanik g\u00f6lgelenmeyi ve keskinle\u015ftirmeyi azalt\u0131r<\/li>\n<li>Hidrofilik \u00fcst tabaka, azalt\u0131lm\u0131\u015f alkol ve alkols\u00fcz uygulamalar\u0131 destekler<\/li>\n<li>Tutarl\u0131 bask\u0131 kalitesi ve nokta kazanc\u0131<\/li>\n<li>D\u00fc\u015f\u00fck solvent \u00fcretimi sayesinde \u00e7evre dostu<\/li>\n<li>Esas olarak konvansiyonel uygulamalar i\u00e7in, bazen de hibrit kullan\u0131m i\u00e7in<\/li>\n<li>B\u00fcy\u00fck formatl\u0131 makineler i\u00e7in de m\u00fckemmel \u015fekilde uygundur<\/li>\n<\/ul>\n","protected":false},"excerpt":{"rendered":"<p><strong>Yaprak besleme i\u00e7in kuma\u015f bazl\u0131 bask\u0131 blanketi<\/strong><\/p>\n<p>Tabaka beslemeli ofset bask\u0131 i\u00e7in \u00fcst d\u00fczey bask\u0131 blanketi:<\/p>\n<ul role=\"list\">\n<li>Daha da geli\u015ftirilmi\u015f kapak plakas\u0131, ambalaj bask\u0131s\u0131 ve ticari bask\u0131daki en y\u00fcksek talepler i\u00e7in uygundur.<\/li>\n<li>Daha uzun hizmet \u00f6mr\u00fc i\u00e7in yeni Air2 teknolojisi (2 s\u0131k\u0131\u015ft\u0131r\u0131labilir katman)<\/li>\n<li>\u00c7ok iyi ka\u011f\u0131t b\u0131rakma (h\u0131zl\u0131 b\u0131rakma)<\/li>\n<li>Mekanik g\u00f6lgelenmeyi ve keskinle\u015ftirmeyi azalt\u0131r<\/li>\n<li>Hidrofilik \u00fcst tabaka, azalt\u0131lm\u0131\u015f alkol ve alkols\u00fcz uygulamalar\u0131 destekler<\/li>\n<li>Tutarl\u0131 bask\u0131 kalitesi ve nokta kazanc\u0131<\/li>\n<li>D\u00fc\u015f\u00fck solvent \u00fcretimi sayesinde \u00e7evre dostu<\/li>\n<li>Esas olarak konvansiyonel uygulamalar i\u00e7in, bazen de hibrit kullan\u0131m i\u00e7in<\/li>\n<li>B\u00fcy\u00fck formatl\u0131 makineler i\u00e7in de m\u00fckemmel \u015fekilde uygundur<\/li>\n<\/ul>\n","protected":false},"featured_media":6098,"comment_status":"open","ping_status":"closed","template":"","meta":[],"product_cat":[105,103],"product_tag":[],"class_list":{"0":"post-5138","1":"product","2":"type-product","3":"status-publish","4":"has-post-thumbnail","6":"product_cat-blanket","7":"product_cat-indirim","9":"first","10":"instock","11":"sale","12":"featured","13":"taxable","14":"shipping-taxable","15":"purchasable","16":"product-type-simple"},"acf":[],"jetpack_sharing_enabled":true,"_links":{"self":[{"href":"https:\/\/printheri.com\/index.php?rest_route=\/wp\/v2\/product\/5138","targetHints":{"allow":["GET"]}}],"collection":[{"href":"https:\/\/printheri.com\/index.php?rest_route=\/wp\/v2\/product"}],"about":[{"href":"https:\/\/printheri.com\/index.php?rest_route=\/wp\/v2\/types\/product"}],"replies":[{"embeddable":true,"href":"https:\/\/printheri.com\/index.php?rest_route=%2Fwp%2Fv2%2Fcomments&post=5138"}],"wp:featuredmedia":[{"embeddable":true,"href":"https:\/\/printheri.com\/index.php?rest_route=\/wp\/v2\/media\/6098"}],"wp:attachment":[{"href":"https:\/\/printheri.com\/index.php?rest_route=%2Fwp%2Fv2%2Fmedia&parent=5138"}],"wp:term":[{"taxonomy":"product_cat","embeddable":true,"href":"https:\/\/printheri.com\/index.php?rest_route=%2Fwp%2Fv2%2Fproduct_cat&post=5138"},{"taxonomy":"product_tag","embeddable":true,"href":"https:\/\/printheri.com\/index.php?rest_route=%2Fwp%2Fv2%2Fproduct_tag&post=5138"}],"curies":[{"name":"wp","href":"https:\/\/api.w.org\/{rel}","templated":true}]}}